{"id":6269,"date":"2023-03-17T17:56:17","date_gmt":"2023-03-17T21:56:17","guid":{"rendered":"https:\/\/orchestreagora.com\/season-2022-2023\/lancement-benefice-10-eme-anniversaire-orchestre-agora\/"},"modified":"2023-05-11T11:14:31","modified_gmt":"2023-05-11T15:14:31","slug":"launch-benefit-10-th-anniversary-orchestre-agora","status":"publish","type":"page","link":"https:\/\/orchestreagora.com\/en\/season-2022-2023\/launch-benefit-10-th-anniversary-orchestre-agora\/","title":{"rendered":"Launch Benefit: 10th Anniversary of the Agora"},"content":{"rendered":"<div  class=\"tatsu-rkZdKydu4H tatsu-section  tatsu-bg-overlay   tatsu-clearfix\" data-title=\"\"  data-headerscheme=\"background--dark\"><div class='tatsu-section-pad clearfix' data-padding='{\"d\":\"90px 0px 90px 0px\"}' data-padding-top='90px'><div class=\"tatsu-row-wrap  tatsu-wrap tatsu-row-one-col tatsu-row-has-one-cols tatsu-medium-gutter tatsu-reg-cols  tatsu-clearfix tatsu-rklFTHz0us\" ><div  class=\"tatsu-row \" ><div  class=\"tatsu-column  tatsu-bg-overlay tatsu-one-col tatsu-column-image-none tatsu-column-effect-none  tatsu-BkKpSMAuj\"  data-parallax-speed=\"0\" style=\"\"><div class=\"tatsu-column-inner \" ><div class=\"tatsu-column-pad-wrap\"><div class=\"tatsu-column-pad\" ><div  class=\"tatsu-module tatsu-text-block-wrap tatsu-HkFGbJc4r  \"><div class=\"tatsu-text-inner tatsu-align-center  clearfix\" ><style>.tatsu-HkFGbJc4r.tatsu-text-block-wrap .tatsu-text-inner{width: 100%;text-align: left;}<\/style>\n<h2>Launch Benefit: 10th Anniversary of the Agora<\/h2>\n<\/div><\/div><\/div><\/div><div class = \"tatsu-column-bg-image-wrap\"><div class = \"tatsu-column-bg-image\" ><\/div><\/div><div class=\"tatsu-overlay tatsu-column-overlay tatsu-animate-none\" ><\/div><\/div><style>.tatsu-row > .tatsu-BkKpSMAuj.tatsu-column{width: 100%;}.tatsu-BkKpSMAuj.tatsu-column{margin: 0px 0px 30px 0px !important;}.tatsu-BkKpSMAuj.tatsu-column > .tatsu-column-inner > .tatsu-column-overlay{mix-blend-mode: normal;}.tatsu-BkKpSMAuj > .tatsu-column-inner > .tatsu-top-divider{z-index: 9999;}.tatsu-BkKpSMAuj > .tatsu-column-inner > .tatsu-bottom-divider{z-index: 9999;}.tatsu-BkKpSMAuj > .tatsu-column-inner > .tatsu-left-divider{z-index: 9999;}.tatsu-BkKpSMAuj > .tatsu-column-inner > .tatsu-right-divider{z-index: 9999;}@media only screen and (max-width:1377px) {.tatsu-row > .tatsu-BkKpSMAuj.tatsu-column{width: 100%;}}@media only screen and (min-width:768px) and (max-width: 1024px) {.tatsu-row > .tatsu-BkKpSMAuj.tatsu-column{width: 100%;}}@media only screen and (max-width: 767px) {.tatsu-row > .tatsu-BkKpSMAuj.tatsu-column{width: 100%;}}<\/style><\/div><\/div><\/div><div class=\"tatsu-row-wrap  tatsu-wrap tatsu-row-has-two-cols tatsu-medium-gutter tatsu-reg-cols  tatsu-clearfix tatsu-BklZ0HzAOj\" ><div  class=\"tatsu-row \" ><div  class=\"tatsu-column  tatsu-bg-overlay tatsu-two-third tatsu-column-image-none tatsu-column-effect-none  tatsu-SytDUzR_i\"  data-parallax-speed=\"0\" style=\"\"><div class=\"tatsu-column-inner \" ><div class=\"tatsu-column-pad-wrap\"><div class=\"tatsu-column-pad\" ><div  class=\"tatsu-module tatsu-text-block-wrap tatsu-BJuJAo_Ws  \"><div class=\"tatsu-text-inner tatsu-align-center  clearfix\" ><style>.tatsu-BJuJAo_Ws.tatsu-text-block-wrap .tatsu-text-inner{width: 100%;text-align: left;}<\/style>\n<h5>Conductor and Artistic Director Nicolas Ellis, Orchestre de l&#8217;Agora and its Board of Directors are pleased to invite you to the fundraising launch of Agora&#8217;s 10th anniversary season!<\/p>\n<p>With the presence of environmentalist &#038; entrepreneur Dax Dasilva, a great ally of the Orchestra, and Conductor and Artistic Director Nicolas Ellis, this cocktail reception will take place on Wednesday, May 24, 2023, starting at 5:00 p.m. at the Age of Union Earth Center, in Mile-ex. The evening will feature great food, bubbles, performances by Orchestre de l&#8217;Agora musicians, a tour of the Environmental Art Gallery, screenings and other surprises.<\/p>\n<p>Celebrate in good company, and get a sneak preview of the many projects part of Orchestre de l&#8217;Agora&#8217;s 10th season.<\/p>\n<p>Looking forward to seeing you there!<\/h5>\n<\/div><\/div><\/div><\/div><div class = \"tatsu-column-bg-image-wrap\"><div class = \"tatsu-column-bg-image\" ><\/div><\/div><div class=\"tatsu-overlay tatsu-column-overlay tatsu-animate-none\" ><\/div><\/div><style>.tatsu-row > .tatsu-SytDUzR_i.tatsu-column{width: 66.67%;}.tatsu-SytDUzR_i.tatsu-column > .tatsu-column-inner > .tatsu-column-overlay{mix-blend-mode: normal;}.tatsu-SytDUzR_i > .tatsu-column-inner > .tatsu-top-divider{z-index: 9999;}.tatsu-SytDUzR_i > .tatsu-column-inner > .tatsu-bottom-divider{z-index: 9999;}.tatsu-SytDUzR_i > .tatsu-column-inner > .tatsu-left-divider{z-index: 9999;}.tatsu-SytDUzR_i > .tatsu-column-inner > .tatsu-right-divider{z-index: 9999;}@media only screen and (max-width:1377px) {.tatsu-row > .tatsu-SytDUzR_i.tatsu-column{width: 66.67%;}}@media only screen and (min-width:768px) and (max-width: 1024px) {.tatsu-row > .tatsu-SytDUzR_i.tatsu-column{width: 66.67%;}}@media only screen and (max-width: 767px) {.tatsu-row > .tatsu-SytDUzR_i.tatsu-column{width: 100%;}}<\/style><\/div><div  class=\"tatsu-column  tatsu-bg-overlay tatsu-one-third tatsu-column-image-none tatsu-column-effect-none  tatsu-HJlKw8f0uj\"  data-parallax-speed=\"0\" style=\"\"><div class=\"tatsu-column-inner \" ><div class=\"tatsu-column-pad-wrap\"><div class=\"tatsu-column-pad\" ><div class=\"tatsu-row-wrap  tatsu-row-has-one-half tatsu-row-has-two-cols tatsu-tiny-gutter tatsu-reg-cols tatsu-inner-row-wrap  tatsu-clearfix tatsu-HyeWzIzCuj\" ><div  class=\"tatsu-row \" ><div  class=\"tatsu-column  tatsu-bg-overlay tatsu-one-half tatsu-column-align-bottom tatsu-column-image- tatsu-column-effect-  tatsu-H17mIz0do\"  data-parallax-speed=\"0\" style=\"\"><div class=\"tatsu-column-inner \" ><div class=\"tatsu-column-pad-wrap\"><div class=\"tatsu-column-pad\" ><div  class=\"tatsu-module tatsu-text-block-wrap tatsu-ryq-8M0_j  \"><div class=\"tatsu-text-inner tatsu-align-center  clearfix\" ><style>.tatsu-ryq-8M0_j.tatsu-text-block-wrap .tatsu-text-inner{width: 100%;text-align: left;}<\/style>\n<h5>Wednesday<br \/>May 24, 2023, 5 p.m.<\/h5>\n<\/div><\/div><\/div><\/div><div class = \"tatsu-column-bg-image-wrap\"><div class = \"tatsu-column-bg-image\" ><\/div><\/div><div class=\"tatsu-overlay tatsu-column-overlay tatsu-animate-none\" ><\/div><\/div><style>.tatsu-row > .tatsu-H17mIz0do.tatsu-column{width: 60%;}.tatsu-H17mIz0do.tatsu-column{margin: 0px 0px 0px 0px !important;}.tatsu-H17mIz0do.tatsu-column > .tatsu-column-inner > .tatsu-column-overlay{mix-blend-mode: normal;}.tatsu-H17mIz0do > .tatsu-column-inner > .tatsu-top-divider{z-index: 9999;}.tatsu-H17mIz0do > .tatsu-column-inner > .tatsu-bottom-divider{z-index: 9999;}.tatsu-H17mIz0do > .tatsu-column-inner > .tatsu-left-divider{z-index: 9999;}.tatsu-H17mIz0do > .tatsu-column-inner > .tatsu-right-divider{z-index: 9999;}@media only screen and (max-width:1377px) {.tatsu-row > .tatsu-H17mIz0do.tatsu-column{width: 50%;}}@media only screen and (min-width:768px) and (max-width: 1024px) {.tatsu-row > .tatsu-H17mIz0do.tatsu-column{width: 50%;}}@media only screen and (max-width: 767px) {.tatsu-row > .tatsu-H17mIz0do.tatsu-column{width: 100%;}}<\/style><\/div><div  class=\"tatsu-column  tatsu-bg-overlay tatsu-one-half tatsu-column-align-middle tatsu-column-image- tatsu-column-effect-  tatsu-SyxXXLGC_o\"  data-parallax-speed=\"0\" style=\"\"><div class=\"tatsu-column-inner \" ><div class=\"tatsu-column-pad-wrap\"><div class=\"tatsu-column-pad\" ><div  class=\"tatsu-module tatsu-normal-button tatsu-button-wrap   tatsu-r1lec96bDQj button-transform  \"><a class=\"tatsu-shortcode smallbtn tatsu-button left-icon circular   bg-animation-none  \" href=\"https:\/\/www.zeffy.com\/fr-CA\/ticketing\/71b13cd1-ca98-40af-83fa-e3e27ab1e488\" style= \"\"  aria-label=\"Tickets\" data-gdpr-atts={} target=\"_blank\">Tickets<\/a><style>.tatsu-r1lec96bDQj .tatsu-button{background-color: rgba(0,0,0,1);color: rgba(255,255,255,1) ;box-shadow: 0px 5px 30px 0px rgba(0,0,0,0.2);}.tatsu-r1lec96bDQj.tatsu-button-wrap{margin: 15px 0px 30px 0px;}<\/style><\/div><\/div><\/div><div class = \"tatsu-column-bg-image-wrap\"><div class = \"tatsu-column-bg-image\" ><\/div><\/div><div class=\"tatsu-overlay tatsu-column-overlay tatsu-animate-none\" ><\/div><\/div><style>.tatsu-row > .tatsu-SyxXXLGC_o.tatsu-column{width: 40.71%;}.tatsu-SyxXXLGC_o.tatsu-column{margin: 0px 0px 0px 0px !important;}.tatsu-SyxXXLGC_o.tatsu-column > .tatsu-column-inner > .tatsu-column-overlay{mix-blend-mode: normal;}.tatsu-SyxXXLGC_o > .tatsu-column-inner > .tatsu-top-divider{z-index: 9999;}.tatsu-SyxXXLGC_o > .tatsu-column-inner > .tatsu-bottom-divider{z-index: 9999;}.tatsu-SyxXXLGC_o > .tatsu-column-inner > .tatsu-left-divider{z-index: 9999;}.tatsu-SyxXXLGC_o > .tatsu-column-inner > .tatsu-right-divider{z-index: 9999;}@media only screen and (max-width:1377px) {.tatsu-row > .tatsu-SyxXXLGC_o.tatsu-column{width: 50%;}}@media only screen and (min-width:768px) and (max-width: 1024px) {.tatsu-row > .tatsu-SyxXXLGC_o.tatsu-column{width: 50%;}}@media only screen and (max-width: 767px) {.tatsu-row > .tatsu-SyxXXLGC_o.tatsu-column{width: 100%;}}<\/style><\/div><\/div><\/div><div  class=\"tatsu-module tatsu-divider-wrap  tatsu-HyOjLfAOo   \"  ><style>.tatsu-HyOjLfAOo .tatsu-divider{height: 2px;width: 100%;background: rgba(0,0,0,1);}.tatsu-HyOjLfAOo.tatsu-divider-wrap{text-align: left;}<\/style><hr class=\"tatsu-divider\"\/><\/div><div  class=\"tatsu-module tatsu-title-icon  tatsu-HyRp0OwOs  \" ><span class=\"tatsu-ti-wrap tatsu-ti medium plain align-left\" ><i class=\"icon-ticket tatsu-ti tatsu-ti-icon\"><\/i><\/span><div class=\"tatsu-tc tatsu-tc-custom-space align-left medium plain\">\n<h5>TICKETS<\/h5>\n<p>300$ &#8211; Solo<br \/>500$ &#8211; Duo<br \/>150$ &#8211; Young professional (35 years old or less)<br \/>250$ &#8211; Duo young professionals (35 years old or less)<\/p>\n<\/div><style>.tatsu-HyRp0OwOs .tatsu-ti-icon{color: rgba(0,0,0,1) ;}.tatsu-HyRp0OwOs{margin: 0px 0px 30px 0px;}<\/style><\/div><div  class=\"tatsu-module tatsu-title-icon  tatsu-H1G-rPM1Ygo  \" ><span class=\"tatsu-ti-wrap tatsu-ti medium plain align-left\" ><i class=\"icon-icon_pin tatsu-ti tatsu-ti-icon\"><\/i><\/span><div class=\"tatsu-tc tatsu-tc-custom-space align-left medium plain\">\n<h5>Location<\/h5>\n<p>Age of Union Earth Centre<br \/>\n<a href=\"https:\/\/goo.gl\/maps\/9KsmyUp5GjgXjUSx5\" target=\"_blank\" rel=\"noopener\">7049 Rue Saint-Urbain, <\/a><br \/>\nMontr\u00e9al, QC H2S 3H4<\/p>\n<\/div><style>.tatsu-H1G-rPM1Ygo .tatsu-ti-icon{color: rgba(0,0,0,1) ;}.tatsu-H1G-rPM1Ygo{margin: 0px 0px 30px 0px;}<\/style><\/div><\/div><\/div><div class = \"tatsu-column-bg-image-wrap\"><div class = \"tatsu-column-bg-image\" ><\/div><\/div><div class=\"tatsu-overlay tatsu-column-overlay tatsu-animate-none\" ><\/div><\/div><style>.tatsu-row > .tatsu-HJlKw8f0uj.tatsu-column{width: 33.33%;}.tatsu-HJlKw8f0uj.tatsu-column > .tatsu-column-inner > .tatsu-column-overlay{mix-blend-mode: normal;}.tatsu-HJlKw8f0uj > .tatsu-column-inner > .tatsu-top-divider{z-index: 9999;}.tatsu-HJlKw8f0uj > .tatsu-column-inner > .tatsu-bottom-divider{z-index: 9999;}.tatsu-HJlKw8f0uj > .tatsu-column-inner > .tatsu-left-divider{z-index: 9999;}.tatsu-HJlKw8f0uj > .tatsu-column-inner > .tatsu-right-divider{z-index: 9999;}@media only screen and (max-width:1377px) {.tatsu-row > .tatsu-HJlKw8f0uj.tatsu-column{width: 33.33%;}}@media only screen and (min-width:768px) and (max-width: 1024px) {.tatsu-row > .tatsu-HJlKw8f0uj.tatsu-column{width: 33.33%;}}@media only screen and (max-width: 767px) {.tatsu-row > .tatsu-HJlKw8f0uj.tatsu-column{width: 100%;}}<\/style><\/div><\/div><\/div><\/div><div class=\"tatsu-section-background-wrap\"><div class = \"tatsu-section-background\" ><\/div><\/div><div class=\"tatsu-overlay tatsu-section-overlay\"><\/div><style>.tatsu-rkZdKydu4H .tatsu-section-pad{padding: 90px 0px 90px 0px;}.tatsu-rkZdKydu4H .tatsu-section-offset-wrap{transform: translateY(-0px);}.tatsu-rkZdKydu4H > .tatsu-bottom-divider{z-index: 9999;}.tatsu-rkZdKydu4H > .tatsu-top-divider{z-index: 9999;}.tatsu-rkZdKydu4H .tatsu-section-overlay{mix-blend-mode: normal;}<\/style><\/div>\n","protected":false},"excerpt":{"rendered":"<p><a href=\"https:\/\/orchestreagora.com\/en\/season-2022-2023\/launch-benefit-10-th-anniversary-orchestre-agora\/\" class=\"more-link style1-button\">Read More<\/a><\/p>","protected":false},"author":4,"featured_media":6242,"parent":5280,"menu_order":0,"comment_status":"closed","ping_status":"closed","template":"","meta":{"inline_featured_image":false,"footnotes":""},"class_list":["post-6269","page","type-page","status-publish","has-post-thumbnail","hentry"],"yoast_head":"<!-- This site is optimized with the Yoast SEO plugin v27.4 - https:\/\/yoast.com\/product\/yoast-seo-wordpress\/ -->\n<title>Launch Benefit: 10th Anniversary of the Agora - Orchestre de l&#039;Agora<\/title>\n<meta name=\"description\" content=\"Nicolas Ellis, the Agora Orchestra, and its Board of Directors are pleased to invite you to the event!\" \/>\n<meta name=\"robots\" content=\"index, follow, max-snippet:-1, max-image-preview:large, max-video-preview:-1\" \/>\n<link rel=\"canonical\" href=\"https:\/\/orchestreagora.com\/en\/season-2022-2023\/launch-benefit-10-th-anniversary-orchestre-agora\/\" \/>\n<meta property=\"og:locale\" content=\"en_US\" \/>\n<meta property=\"og:type\" content=\"article\" \/>\n<meta property=\"og:title\" content=\"Launch Benefit: 10th Anniversary of the Agora - Orchestre de l&#039;Agora\" \/>\n<meta property=\"og:description\" content=\"Nicolas Ellis, the Agora Orchestra, and its Board of Directors are pleased to invite you to the event!\" \/>\n<meta property=\"og:url\" content=\"https:\/\/orchestreagora.com\/en\/season-2022-2023\/launch-benefit-10-th-anniversary-orchestre-agora\/\" \/>\n<meta property=\"og:site_name\" content=\"Orchestre de l&#039;Agora\" \/>\n<meta property=\"article:publisher\" content=\"https:\/\/www.facebook.com\/OrchestreAgora\/\" \/>\n<meta property=\"article:modified_time\" content=\"2023-05-11T15:14:31+00:00\" \/>\n<meta property=\"og:image\" content=\"https:\/\/orchestreagora.com\/wp-content\/uploads\/2023\/02\/Web-Orchestre-de-l_Agora-Bourgie-Brenden-Friesen-2021-77.jpg\" \/>\n\t<meta property=\"og:image:width\" content=\"2048\" \/>\n\t<meta property=\"og:image:height\" content=\"1365\" \/>\n\t<meta property=\"og:image:type\" content=\"image\/jpeg\" \/>\n<meta name=\"twitter:card\" content=\"summary_large_image\" \/>\n<meta name=\"twitter:site\" content=\"@OrchestreAgora\" \/>\n<meta name=\"twitter:label1\" content=\"Est. reading time\" \/>\n\t<meta name=\"twitter:data1\" content=\"7 minutes\" \/>\n<script type=\"application\/ld+json\" class=\"yoast-schema-graph\">{\"@context\":\"https:\\\/\\\/schema.org\",\"@graph\":[{\"@type\":\"WebPage\",\"@id\":\"https:\\\/\\\/orchestreagora.com\\\/en\\\/season-2022-2023\\\/launch-benefit-10-th-anniversary-orchestre-agora\\\/\",\"url\":\"https:\\\/\\\/orchestreagora.com\\\/en\\\/season-2022-2023\\\/launch-benefit-10-th-anniversary-orchestre-agora\\\/\",\"name\":\"Launch Benefit: 10th Anniversary of the Agora - Orchestre de l&#039;Agora\",\"isPartOf\":{\"@id\":\"https:\\\/\\\/orchestreagora.com\\\/en\\\/#website\"},\"primaryImageOfPage\":{\"@id\":\"https:\\\/\\\/orchestreagora.com\\\/en\\\/season-2022-2023\\\/launch-benefit-10-th-anniversary-orchestre-agora\\\/#primaryimage\"},\"image\":{\"@id\":\"https:\\\/\\\/orchestreagora.com\\\/en\\\/season-2022-2023\\\/launch-benefit-10-th-anniversary-orchestre-agora\\\/#primaryimage\"},\"thumbnailUrl\":\"https:\\\/\\\/orchestreagora.com\\\/wp-content\\\/uploads\\\/2023\\\/03\\\/OA_10e_2560x1440.png\",\"datePublished\":\"2023-03-17T21:56:17+00:00\",\"dateModified\":\"2023-05-11T15:14:31+00:00\",\"description\":\"Nicolas Ellis, the Agora Orchestra, and its Board of Directors are pleased to invite you to the event!\",\"breadcrumb\":{\"@id\":\"https:\\\/\\\/orchestreagora.com\\\/en\\\/season-2022-2023\\\/launch-benefit-10-th-anniversary-orchestre-agora\\\/#breadcrumb\"},\"inLanguage\":\"en-US\",\"potentialAction\":[{\"@type\":\"ReadAction\",\"target\":[\"https:\\\/\\\/orchestreagora.com\\\/en\\\/season-2022-2023\\\/launch-benefit-10-th-anniversary-orchestre-agora\\\/\"]}]},{\"@type\":\"ImageObject\",\"inLanguage\":\"en-US\",\"@id\":\"https:\\\/\\\/orchestreagora.com\\\/en\\\/season-2022-2023\\\/launch-benefit-10-th-anniversary-orchestre-agora\\\/#primaryimage\",\"url\":\"https:\\\/\\\/orchestreagora.com\\\/wp-content\\\/uploads\\\/2023\\\/03\\\/OA_10e_2560x1440.png\",\"contentUrl\":\"https:\\\/\\\/orchestreagora.com\\\/wp-content\\\/uploads\\\/2023\\\/03\\\/OA_10e_2560x1440.png\",\"width\":2560,\"height\":1440,\"caption\":\"Affiche Lancement-B\u00e9n\u00e9fice 10\u00e8me anniversaire de l'Orchestre de l'Agora\"},{\"@type\":\"BreadcrumbList\",\"@id\":\"https:\\\/\\\/orchestreagora.com\\\/en\\\/season-2022-2023\\\/launch-benefit-10-th-anniversary-orchestre-agora\\\/#breadcrumb\",\"itemListElement\":[{\"@type\":\"ListItem\",\"position\":1,\"name\":\"Accueil\",\"item\":\"https:\\\/\\\/orchestreagora.com\\\/en\\\/\"},{\"@type\":\"ListItem\",\"position\":2,\"name\":\"Season 2022-2023\",\"item\":\"https:\\\/\\\/orchestreagora.com\\\/en\\\/season-2022-2023\\\/\"},{\"@type\":\"ListItem\",\"position\":3,\"name\":\"Launch Benefit: 10th Anniversary of the Agora\"}]},{\"@type\":\"WebSite\",\"@id\":\"https:\\\/\\\/orchestreagora.com\\\/en\\\/#website\",\"url\":\"https:\\\/\\\/orchestreagora.com\\\/en\\\/\",\"name\":\"Orchestre de l&#039;Agora\",\"description\":\"Changer le monde, une note \u00e0 la fois.\",\"potentialAction\":[{\"@type\":\"SearchAction\",\"target\":{\"@type\":\"EntryPoint\",\"urlTemplate\":\"https:\\\/\\\/orchestreagora.com\\\/en\\\/?s={search_term_string}\"},\"query-input\":{\"@type\":\"PropertyValueSpecification\",\"valueRequired\":true,\"valueName\":\"search_term_string\"}}],\"inLanguage\":\"en-US\"}]}<\/script>\n<!-- \/ Yoast SEO plugin. -->","yoast_head_json":{"title":"Launch Benefit: 10th Anniversary of the Agora - Orchestre de l&#039;Agora","description":"Nicolas Ellis, the Agora Orchestra, and its Board of Directors are pleased to invite you to the event!","robots":{"index":"index","follow":"follow","max-snippet":"max-snippet:-1","max-image-preview":"max-image-preview:large","max-video-preview":"max-video-preview:-1"},"canonical":"https:\/\/orchestreagora.com\/en\/season-2022-2023\/launch-benefit-10-th-anniversary-orchestre-agora\/","og_locale":"en_US","og_type":"article","og_title":"Launch Benefit: 10th Anniversary of the Agora - Orchestre de l&#039;Agora","og_description":"Nicolas Ellis, the Agora Orchestra, and its Board of Directors are pleased to invite you to the event!","og_url":"https:\/\/orchestreagora.com\/en\/season-2022-2023\/launch-benefit-10-th-anniversary-orchestre-agora\/","og_site_name":"Orchestre de l&#039;Agora","article_publisher":"https:\/\/www.facebook.com\/OrchestreAgora\/","article_modified_time":"2023-05-11T15:14:31+00:00","og_image":[{"width":2048,"height":1365,"url":"https:\/\/orchestreagora.com\/wp-content\/uploads\/2023\/02\/Web-Orchestre-de-l_Agora-Bourgie-Brenden-Friesen-2021-77.jpg","type":"image\/jpeg"}],"twitter_card":"summary_large_image","twitter_site":"@OrchestreAgora","twitter_misc":{"Est. reading time":"7 minutes"},"schema":{"@context":"https:\/\/schema.org","@graph":[{"@type":"WebPage","@id":"https:\/\/orchestreagora.com\/en\/season-2022-2023\/launch-benefit-10-th-anniversary-orchestre-agora\/","url":"https:\/\/orchestreagora.com\/en\/season-2022-2023\/launch-benefit-10-th-anniversary-orchestre-agora\/","name":"Launch Benefit: 10th Anniversary of the Agora - Orchestre de l&#039;Agora","isPartOf":{"@id":"https:\/\/orchestreagora.com\/en\/#website"},"primaryImageOfPage":{"@id":"https:\/\/orchestreagora.com\/en\/season-2022-2023\/launch-benefit-10-th-anniversary-orchestre-agora\/#primaryimage"},"image":{"@id":"https:\/\/orchestreagora.com\/en\/season-2022-2023\/launch-benefit-10-th-anniversary-orchestre-agora\/#primaryimage"},"thumbnailUrl":"https:\/\/orchestreagora.com\/wp-content\/uploads\/2023\/03\/OA_10e_2560x1440.png","datePublished":"2023-03-17T21:56:17+00:00","dateModified":"2023-05-11T15:14:31+00:00","description":"Nicolas Ellis, the Agora Orchestra, and its Board of Directors are pleased to invite you to the event!","breadcrumb":{"@id":"https:\/\/orchestreagora.com\/en\/season-2022-2023\/launch-benefit-10-th-anniversary-orchestre-agora\/#breadcrumb"},"inLanguage":"en-US","potentialAction":[{"@type":"ReadAction","target":["https:\/\/orchestreagora.com\/en\/season-2022-2023\/launch-benefit-10-th-anniversary-orchestre-agora\/"]}]},{"@type":"ImageObject","inLanguage":"en-US","@id":"https:\/\/orchestreagora.com\/en\/season-2022-2023\/launch-benefit-10-th-anniversary-orchestre-agora\/#primaryimage","url":"https:\/\/orchestreagora.com\/wp-content\/uploads\/2023\/03\/OA_10e_2560x1440.png","contentUrl":"https:\/\/orchestreagora.com\/wp-content\/uploads\/2023\/03\/OA_10e_2560x1440.png","width":2560,"height":1440,"caption":"Affiche Lancement-B\u00e9n\u00e9fice 10\u00e8me anniversaire de l'Orchestre de l'Agora"},{"@type":"BreadcrumbList","@id":"https:\/\/orchestreagora.com\/en\/season-2022-2023\/launch-benefit-10-th-anniversary-orchestre-agora\/#breadcrumb","itemListElement":[{"@type":"ListItem","position":1,"name":"Accueil","item":"https:\/\/orchestreagora.com\/en\/"},{"@type":"ListItem","position":2,"name":"Season 2022-2023","item":"https:\/\/orchestreagora.com\/en\/season-2022-2023\/"},{"@type":"ListItem","position":3,"name":"Launch Benefit: 10th Anniversary of the Agora"}]},{"@type":"WebSite","@id":"https:\/\/orchestreagora.com\/en\/#website","url":"https:\/\/orchestreagora.com\/en\/","name":"Orchestre de l&#039;Agora","description":"Changer le monde, une note \u00e0 la fois.","potentialAction":[{"@type":"SearchAction","target":{"@type":"EntryPoint","urlTemplate":"https:\/\/orchestreagora.com\/en\/?s={search_term_string}"},"query-input":{"@type":"PropertyValueSpecification","valueRequired":true,"valueName":"search_term_string"}}],"inLanguage":"en-US"}]}},"_links":{"self":[{"href":"https:\/\/orchestreagora.com\/en\/wp-json\/wp\/v2\/pages\/6269","targetHints":{"allow":["GET"]}}],"collection":[{"href":"https:\/\/orchestreagora.com\/en\/wp-json\/wp\/v2\/pages"}],"about":[{"href":"https:\/\/orchestreagora.com\/en\/wp-json\/wp\/v2\/types\/page"}],"author":[{"embeddable":true,"href":"https:\/\/orchestreagora.com\/en\/wp-json\/wp\/v2\/users\/4"}],"replies":[{"embeddable":true,"href":"https:\/\/orchestreagora.com\/en\/wp-json\/wp\/v2\/comments?post=6269"}],"version-history":[{"count":19,"href":"https:\/\/orchestreagora.com\/en\/wp-json\/wp\/v2\/pages\/6269\/revisions"}],"predecessor-version":[{"id":6698,"href":"https:\/\/orchestreagora.com\/en\/wp-json\/wp\/v2\/pages\/6269\/revisions\/6698"}],"up":[{"embeddable":true,"href":"https:\/\/orchestreagora.com\/en\/wp-json\/wp\/v2\/pages\/5280"}],"wp:featuredmedia":[{"embeddable":true,"href":"https:\/\/orchestreagora.com\/en\/wp-json\/wp\/v2\/media\/6242"}],"wp:attachment":[{"href":"https:\/\/orchestreagora.com\/en\/wp-json\/wp\/v2\/media?parent=6269"}],"curies":[{"name":"wp","href":"https:\/\/api.w.org\/{rel}","templated":true}]}}